{"id":3,"date":"2024-09-09T12:52:42","date_gmt":"2024-09-09T10:52:42","guid":{"rendered":"http:\/\/cdscorporate.com\/?page_id=3"},"modified":"2026-03-26T11:11:33","modified_gmt":"2026-03-26T10:11:33","slug":"privacy-policy-2","status":"publish","type":"page","link":"https:\/\/cdscorporate.com\/index.php\/privacy-policy-2\/","title":{"rendered":"Privacy Policy"},"content":{"rendered":"\t\t<div data-elementor-type=\"wp-page\" data-elementor-id=\"3\" class=\"elementor elementor-3\">\n\t\t\t\t<div class=\"elementor-element elementor-element-2bb315c9 e-flex e-con-boxed e-con e-parent\" data-id=\"2bb315c9\" data-element_type=\"container\">\n\t\t\t\t\t<div class=\"e-con-inner\">\n\t\t\t\t<div class=\"elementor-element elementor-element-4f258ac5 elementor-widget elementor-widget-text-editor\" data-id=\"4f258ac5\" data-element_type=\"widget\" data-widget_type=\"text-editor.default\">\n\t\t\t\t<div class=\"elementor-widget-container\">\n\t\t\t\t\t\t\t<!-- wp:heading -->\n<h2 class=\"wp-block-heading\"><\/h2>\n<!-- \/wp:heading -->\t\t\t\t\t\t<\/div>\n\t\t\t\t<\/div>\n\t\t\t\t\t<\/div>\n\t\t\t\t<\/div>\n\t\t<div class=\"elementor-element elementor-element-ed715c4 e-flex e-con-boxed e-con e-parent\" data-id=\"ed715c4\" data-element_type=\"container\">\n\t\t\t\t\t<div class=\"e-con-inner\">\n\t\t\t\t<div class=\"elementor-element elementor-element-48f9a50 elementor-widget elementor-widget-spacer\" data-id=\"48f9a50\" data-element_type=\"widget\" data-widget_type=\"spacer.default\">\n\t\t\t\t<div class=\"elementor-widget-container\">\n\t\t\t\t\t<div class=\"elementor-spacer\">\n\t\t\t<div class=\"elementor-spacer-inner\"><\/div>\n\t\t<\/div>\n\t\t\t\t<\/div>\n\t\t\t\t<\/div>\n\t\t\t\t\t<\/div>\n\t\t\t\t<\/div>\n\t\t<div class=\"elementor-element elementor-element-f92981a e-flex e-con-boxed e-con e-parent\" data-id=\"f92981a\" data-element_type=\"container\">\n\t\t\t\t\t<div class=\"e-con-inner\">\n\t\t\t\t<div class=\"elementor-element elementor-element-b86df89 elementor-widget elementor-widget-heading\" data-id=\"b86df89\" data-element_type=\"widget\" data-widget_type=\"heading.default\">\n\t\t\t\t<div class=\"elementor-widget-container\">\n\t\t\t<h1 class=\"elementor-heading-title elementor-size-default\">Privacy Policy<\/h1>\t\t<\/div>\n\t\t\t\t<\/div>\n\t\t\t\t\t<\/div>\n\t\t\t\t<\/div>\n\t\t<div class=\"elementor-element elementor-element-4a1defb e-flex e-con-boxed e-con e-parent\" data-id=\"4a1defb\" data-element_type=\"container\">\n\t\t\t\t\t<div class=\"e-con-inner\">\n\t\t\t\t<div class=\"elementor-element elementor-element-d0d906f elementor-widget elementor-widget-text-editor\" data-id=\"d0d906f\" data-element_type=\"widget\" data-widget_type=\"text-editor.default\">\n\t\t\t\t<div class=\"elementor-widget-container\">\n\t\t\t\t\t\t\t<header class=\"main-header\">\n<h1>Privacy Policy di\u00a0<strong>www.cdscorporate.com<\/strong><\/h1>\n<p>Benvenuto nella privacy policy di www.cdscorporate.com. Questa policy ti aiuter\u00e0 a comprendere quali dati raccogliamo, perch\u00e9 li raccogliamo e quali sono i tuoi diritti in merito.<\/p>\n<p class=\"main-header__meta\">Ultima modifica: 26 marzo 2026<\/p>\n<\/header>\n<p>\u00a0<\/p>\n<div class=\"aside-main-wrapper\">\n<aside id=\"table-of-content-wrapper\">\n<h2 id=\"table-of-content-title\">Sommario<\/h2>\n<ul class=\"table-of-content-list\">\n<li><a href=\"https:\/\/www.iubenda.com\/app\/private\/privacy-policy\/3228943?preview=true&amp;an=no&amp;ifr=true&amp;height=800&amp;origin=https%3A%2F%2Fwww.iubenda.com%2Fapp%2Fit%2Fgeneratore-privacy-policy%2F3228943%2Fservices#types-of-data\">Tipologie di Dati raccolti<\/a><\/li>\n<li><a href=\"https:\/\/www.iubenda.com\/app\/private\/privacy-policy\/3228943?preview=true&amp;an=no&amp;ifr=true&amp;height=800&amp;origin=https%3A%2F%2Fwww.iubenda.com%2Fapp%2Fit%2Fgeneratore-privacy-policy%2F3228943%2Fservices#mode-and-place\">Modalit\u00e0 e luogo del trattamento dei Dati raccolti<\/a><\/li>\n<li><a href=\"https:\/\/www.iubenda.com\/app\/private\/privacy-policy\/3228943?preview=true&amp;an=no&amp;ifr=true&amp;height=800&amp;origin=https%3A%2F%2Fwww.iubenda.com%2Fapp%2Fit%2Fgeneratore-privacy-policy%2F3228943%2Fservices#purpose-of-processing\">Finalit\u00e0 del Trattamento dei Dati raccolti<\/a><\/li>\n<li><a href=\"https:\/\/www.iubenda.com\/app\/private\/privacy-policy\/3228943?preview=true&amp;an=no&amp;ifr=true&amp;height=800&amp;origin=https%3A%2F%2Fwww.iubenda.com%2Fapp%2Fit%2Fgeneratore-privacy-policy%2F3228943%2Fservices#cookie-policy\">Cookie Policy<\/a><\/li>\n<li><a href=\"https:\/\/www.iubenda.com\/app\/private\/privacy-policy\/3228943?preview=true&amp;an=no&amp;ifr=true&amp;height=800&amp;origin=https%3A%2F%2Fwww.iubenda.com%2Fapp%2Fit%2Fgeneratore-privacy-policy%2F3228943%2Fservices#further-info-eu-users\">Ulteriori informazioni per gli utenti nell&#8217;Unione Europea<\/a><\/li>\n<li><a href=\"https:\/\/www.iubenda.com\/app\/private\/privacy-policy\/3228943?preview=true&amp;an=no&amp;ifr=true&amp;height=800&amp;origin=https%3A%2F%2Fwww.iubenda.com%2Fapp%2Fit%2Fgeneratore-privacy-policy%2F3228943%2Fservices#additional-info-on-collection-and-processing\">Ulteriori informazioni sul trattamento<\/a><\/li>\n<li><a href=\"https:\/\/www.iubenda.com\/app\/private\/privacy-policy\/3228943?preview=true&amp;an=no&amp;ifr=true&amp;height=800&amp;origin=https%3A%2F%2Fwww.iubenda.com%2Fapp%2Fit%2Fgeneratore-privacy-policy%2F3228943%2Fservices#definitions_and_legal_references\">Definizioni e riferimenti legali<\/a><\/li>\n<\/ul>\n<\/aside>\n<main>\n<section class=\"main__section section__types-of-data\">\n<h2>\u00a0<\/h2>\n<h2>\u00a0<\/h2>\n<h2 id=\"types-of-data\">Tipo di Dati che raccogliamo<\/h2>\n<p>Il Titolare non fornisce una lista di tipologie di Dati Personali raccolti.<\/p>\n<p>Dettagli completi su ciascuna tipologia di Dati Personali raccolti sono forniti nelle sezioni dedicate di questa privacy policy o mediante specifici testi informativi visualizzati prima della raccolta dei Dati stessi.<br \/>I Dati Personali possono essere liberamente forniti dall&#8217;Utente o, nel caso di Dati di Utilizzo, raccolti automaticamente durante l&#8217;uso di questa Applicazione.<br \/>Se non diversamente specificato, tutti i Dati richiesti da questa Applicazione sono obbligatori. Se l\u2019Utente rifiuta di comunicarli, potrebbe essere impossibile per questa Applicazione fornire il Servizio. Nei casi in cui questa Applicazione indichi alcuni Dati come facoltativi, gli Utenti sono liberi di astenersi dal comunicare tali Dati, senza che ci\u00f2 abbia alcuna conseguenza sulla disponibilit\u00e0 del Servizio o sulla sua operativit\u00e0.<br \/>Gli Utenti che dovessero avere dubbi su quali Dati siano obbligatori sono incoraggiati a contattare il Titolare.<br \/>L\u2019eventuale utilizzo di Cookie &#8211; o di altri strumenti di tracciamento &#8211; da parte di questa Applicazione o dei titolari dei servizi terzi utilizzati da questa Applicazione ha la finalit\u00e0 di fornire il Servizio richiesto dall&#8217;Utente, oltre alle ulteriori finalit\u00e0 descritte nel presente documento e nella Cookie Policy.<\/p>\n<p>L&#8217;Utente si assume la responsabilit\u00e0 dei Dati Personali di terzi ottenuti, pubblicati o condivisi mediante questa Applicazione.<\/p>\n<\/section>\n<section class=\"main__section section__mode-and-place\">\n<h2 id=\"mode-and-place\">Modalit\u00e0 e luogo del trattamento dei Dati raccolti<\/h2>\n<h3>Modalit\u00e0 di trattamento<\/h3>\n<p>Il Titolare adotta le opportune misure di sicurezza volte ad impedire l\u2019accesso, la divulgazione, la modifica o la distruzione non autorizzate dei Dati Personali.<br \/>Il trattamento viene effettuato mediante strumenti informatici e\/o telematici, con modalit\u00e0 organizzative e con logiche strettamente correlate alle finalit\u00e0 indicate. Oltre al Titolare, in alcuni casi, potrebbero avere accesso ai Dati altri soggetti coinvolti nell\u2019organizzazione di questa Applicazione (personale amministrativo, commerciale, marketing, legali, amministratori di sistema) ovvero soggetti esterni (come fornitori di servizi tecnici terzi, corrieri postali, hosting provider, societ\u00e0 informatiche, agenzie di comunicazione) nominati anche, se necessario, Responsabili del Trattamento da parte del Titolare. L\u2019elenco aggiornato dei Responsabili potr\u00e0 sempre essere richiesto al Titolare del Trattamento.<\/p>\n<h3>\u00a0<\/h3>\n<h3>\u00a0<\/h3>\n<h3>Luogo<\/h3>\n<p>I Dati sono trattati presso le sedi operative del Titolare ed in ogni altro luogo in cui le parti coinvolte nel trattamento siano localizzate. Per ulteriori informazioni, contatta il Titolare.<br \/>I Dati Personali dell\u2019Utente potrebbero essere trasferiti in un paese diverso da quello in cui l\u2019Utente si trova. Per ottenere ulteriori informazioni sul luogo del trattamento l\u2019Utente pu\u00f2 fare riferimento alla sezione relativa ai dettagli sul trattamento dei Dati Personali.<\/p>\n<h3>\u00a0<\/h3>\n<h3>\u00a0<\/h3>\n<h3>Periodo di conservazione<\/h3>\n<p>Se non diversamente indicato in questo documento, i Dati Personali sono trattati e conservati per il tempo richiesto dalla finalit\u00e0 per la quale sono stati raccolti e potrebbero essere conservati per un periodo pi\u00f9 lungo a causa di eventuali obbligazioni legali o sulla base del consenso degli Utenti.<\/p>\n<\/section>\n<section class=\"main__section section__cookie-policy\">\n<h2>\u00a0<\/h2>\n<h2>\u00a0<\/h2>\n<h2 id=\"cookie-policy\">Cookie Policy<\/h2>\n<p>Questa Applicazione fa utilizzo di Strumenti di Tracciamento. Per saperne di pi\u00f9, gli Utenti possono consultare la\u00a0<a class=\"show_comp_link iframe-preserve an-preserve\" title=\"Cookie Policy\" href=\"https:\/\/www.iubenda.com\/app\/private\/privacy-policy\/3228943\/cookie-policy?preview=true\">Cookie Policy<\/a>.<\/p>\n<\/section>\n<section class=\"main__section section__further-info-eu-users\">\n<h2>\u00a0<\/h2>\n<h2 id=\"further-info-eu-users\">Ulteriori informazioni per gli utenti nell&#8217;Unione Europea<\/h2>\n<h3>Base giuridica del trattamento<\/h3>\n<p>Il Titolare tratta Dati Personali relativi all\u2019Utente in caso sussista una delle seguenti condizioni:<\/p>\n<ul>\n<li>l\u2019Utente ha prestato il consenso per una o pi\u00f9 finalit\u00e0 specifiche.<\/li>\n<li>il trattamento \u00e8 necessario all&#8217;esecuzione di un contratto con l\u2019Utente e\/o all&#8217;esecuzione di misure precontrattuali;<\/li>\n<li>il trattamento \u00e8 necessario per adempiere un obbligo legale al quale \u00e8 soggetto il Titolare;<\/li>\n<li>il trattamento \u00e8 necessario per l&#8217;esecuzione di un compito di interesse pubblico o per l&#8217;esercizio di pubblici poteri di cui \u00e8 investito il Titolare;<\/li>\n<li>il trattamento \u00e8 necessario per il perseguimento del legittimo interesse del Titolare o di terzi.<\/li>\n<\/ul>\n\u00c8 comunque sempre possibile richiedere al Titolare di chiarire la concreta base giuridica di ciascun trattamento ed in particolare di specificare se il trattamento sia basato sulla legge, previsto da un contratto o necessario per concludere un contratto.\n<p>\u00a0<\/p>\n<h3>\u00a0<\/h3>\n<h3>Ulteriori informazioni sul tempo di conservazione<\/h3>\n<p>Se non diversamente indicato in questo documento, i Dati Personali sono trattati e conservati per il tempo richiesto dalla finalit\u00e0 per la quale sono stati raccolti e potrebbero essere conservati per un periodo pi\u00f9 lungo a causa di eventuali obbligazioni legali o sulla base del consenso degli Utenti.<\/p>\n<p>Pertanto:<\/p>\n<ul>\n<li>I Dati Personali raccolti per scopi collegati all\u2019esecuzione di un contratto tra il Titolare e l\u2019Utente saranno trattenuti sino a quando sia completata l\u2019esecuzione di tale contratto.<\/li>\n<li>I Dati Personali raccolti per finalit\u00e0 riconducibili all\u2019interesse legittimo del Titolare saranno trattenuti sino al soddisfacimento di tale interesse. L\u2019Utente pu\u00f2 ottenere ulteriori informazioni in merito all\u2019interesse legittimo perseguito dal Titolare nelle relative sezioni di questo documento o contattando il Titolare.<\/li>\n<\/ul>\n<p>\u00a0<\/p>\n<p>Quando il trattamento \u00e8 basato sul consenso dell\u2019Utente, il Titolare pu\u00f2 conservare i Dati Personali pi\u00f9 a lungo sino a quando detto consenso non venga revocato. Inoltre, il Titolare potrebbe essere obbligato a conservare i Dati Personali per un periodo pi\u00f9 lungo per adempiere ad un obbligo di legge o per ordine di un\u2019autorit\u00e0.<br \/><br \/>Al termine del periodo di conservazione i Dati Personali saranno cancellati. Pertanto, allo spirare di tale termine il diritto di accesso, cancellazione, rettificazione ed il diritto alla portabilit\u00e0 dei Dati non potranno pi\u00f9 essere esercitati.<\/p>\n<h3>\u00a0<\/h3>\n<h3 id=\"rights_subjects\">Diritti dell\u2019Utente sulla base del Regolamento Generale sulla Protezione dei Dati (GDPR)<\/h3>\n<p>Gli Utenti possono esercitare determinati diritti con riferimento ai Dati trattati dal Titolare.<\/p>\n<p>In particolare, nei limiti previsti dalla legge, l\u2019Utente ha il diritto di:<\/p>\n<ul>\n<li><strong>revocare il consenso in ogni momento.<\/strong>\u00a0L\u2019Utente pu\u00f2 revocare il consenso al trattamento dei propri Dati Personali precedentemente espresso.<\/li>\n<li><strong>opporsi al trattamento dei propri Dati.<\/strong>\u00a0L\u2019Utente pu\u00f2 opporsi al trattamento dei propri Dati quando esso avviene in virt\u00f9 di una base giuridica diversa dal consenso.<\/li>\n<li><strong>accedere ai propri Dati.<\/strong>\u00a0L\u2019Utente ha diritto ad ottenere informazioni sui Dati trattati dal Titolare, su determinati aspetti del trattamento ed a ricevere una copia dei Dati trattati.<\/li>\n<li><strong>verificare e chiedere la rettificazione.<\/strong>\u00a0L\u2019Utente pu\u00f2 verificare la correttezza dei propri Dati e richiederne l\u2019aggiornamento o la correzione.<\/li>\n<li><strong>ottenere la limitazione del trattamento.<\/strong>\u00a0L\u2019Utente pu\u00f2 richiedere la limitazione del trattamento dei propri Dati. In tal caso il Titolare non tratter\u00e0 i Dati per alcun altro scopo se non la loro conservazione.<\/li>\n<li><strong>ottenere la cancellazione o rimozione dei propri Dati Personali.<\/strong>\u00a0L\u2019Utente pu\u00f2 richiedere la cancellazione dei propri Dati da parte del Titolare.<\/li>\n<li><strong>ricevere i propri Dati o farli trasferire ad altro titolare.<\/strong>\u00a0L\u2019Utente ha diritto di ricevere i propri Dati in formato strutturato, di uso comune e leggibile da dispositivo automatico e, ove tecnicamente fattibile, di ottenerne il trasferimento senza ostacoli ad un altro titolare.<\/li>\n<li><strong>proporre reclamo.<\/strong>\u00a0L\u2019Utente pu\u00f2 proporre un reclamo all\u2019autorit\u00e0 di controllo della protezione dei dati personali competente o agire in sede giudiziale.<\/li>\n<\/ul>\n<p>Gli Utenti hanno diritto di ottenere informazioni in merito alla base giuridica per il trasferimento di Dati all&#8217;estero incluso verso qualsiasi organizzazione internazionale regolata dal diritto internazionale o costituita da due o pi\u00f9 paesi, come ad esempio l\u2019ONU, nonch\u00e9 in merito alle misure di sicurezza adottate dal Titolare per proteggere i loro Dati.<\/p>\n<h3>\u00a0<\/h3>\n<h3>\u00a0<\/h3>\n<h3>Dettagli sul diritto di opposizione<\/h3>\n<p><strong>Quando i Dati Personali sono trattati nell\u2019interesse pubblico, nell\u2019esercizio di pubblici poteri di cui \u00e8 investito il Titolare oppure per perseguire un interesse legittimo del Titolare, gli Utenti hanno diritto ad opporsi al trattamento per motivi connessi alla loro situazione particolare.<\/strong><\/p>\n<p><strong>Si fa presente agli Utenti che, ove i loro Dati fossero trattati con finalit\u00e0 di marketing diretto, possono opporsi al trattamento in qualsiasi momento, gratuitamente e senza fornire alcuna motivazione. Qualora gli Utenti si oppongano al trattamento per finalit\u00e0 di marketing diretto, i Dati Personali non sono pi\u00f9 oggetto di trattamento per tali finalit\u00e0. Per scoprire se il Titolare tratti Dati con finalit\u00e0 di marketing diretto gli Utenti possono fare riferimento alle rispettive sezioni di questo documento.<\/strong><\/p>\n<h3>Come esercitare i diritti<\/h3>\n<p>Eventuali richieste di esercizio dei diritti dell&#8217;Utente possono essere indirizzate al Titolare attraverso i recapiti forniti in questo documento. La richiesta \u00e8 gratuita e il Titolare risponder\u00e0 nel pi\u00f9 breve tempo possibile, in ogni caso entro un mese, fornendo all\u2019Utente tutte le informazioni previste dalla legge. Eventuali rettifiche, cancellazioni o limitazioni del trattamento saranno comunicate dal Titolare a ciascuno dei destinatari, se esistenti, a cui sono stati trasmessi i Dati Personali, salvo che ci\u00f2 si riveli impossibile o implichi uno sforzo sproporzionato. Il Titolare comunica all&#8217;Utente tali destinatari qualora egli lo richieda.<\/p>\n<\/section>\n<section class=\"main__section section__additional-info-on-collection-and-processing\">\n<h2>\u00a0<\/h2>\n<h2 id=\"additional-info-on-collection-and-processing\">Ulteriori informazioni sul trattamento<\/h2>\n<h3>Difesa in giudizio<\/h3>\n<p>I Dati Personali dell\u2019Utente possono essere utilizzati da parte del Titolare in giudizio o nelle fasi preparatorie alla sua eventuale instaurazione per la difesa da abusi nell&#8217;utilizzo di questa Applicazione o dei Servizi connessi da parte dell\u2019Utente.<br \/>L\u2019Utente dichiara di essere consapevole che il Titolare potrebbe essere obbligato a rivelare i Dati per ordine delle autorit\u00e0 pubbliche.<\/p>\n<h3>\u00a0<\/h3>\n<h3>Informative specifiche<\/h3>\n<p>Su richiesta dell\u2019Utente, in aggiunta alle informazioni contenute in questa privacy policy, questa Applicazione potrebbe fornire all&#8217;Utente delle informative aggiuntive e contestuali riguardanti Servizi specifici, o la raccolta ed il trattamento di Dati Personali.<\/p>\n<h3>\u00a0<\/h3>\n<h3>\u00a0<\/h3>\n<h3>Log di sistema e manutenzione<\/h3>\n<p>Per necessit\u00e0 legate al funzionamento ed alla manutenzione, questa Applicazione e gli eventuali servizi terzi da essa utilizzati potrebbero raccogliere log di sistema, ossia file che registrano le interazioni e che possono contenere anche Dati Personali, quali l\u2019indirizzo IP Utente.<\/p>\n<h3>\u00a0<\/h3>\n<h3>Informazioni non contenute in questa policy<\/h3>\n<p>Ulteriori informazioni in relazione al trattamento dei Dati Personali potranno essere richieste in qualsiasi momento al Titolare del Trattamento utilizzando gli estremi di contatto.<\/p>\n<h3>\u00a0<\/h3>\n<h3>Modifiche a questa privacy policy<\/h3>\n<p>Il Titolare del Trattamento si riserva il diritto di apportare modifiche alla presente privacy policy in qualunque momento notificandolo agli Utenti su questa pagina e, se possibile, su questa Applicazione nonch\u00e9, qualora tecnicamente e legalmente fattibile, inviando una notifica agli Utenti attraverso uno degli estremi di contatto di cui \u00e8 in possesso. Si prega dunque di consultare con frequenza questa pagina, facendo riferimento alla data di ultima modifica indicata in fondo.<br \/><br \/>Qualora le modifiche interessino trattamenti la cui base giuridica \u00e8 il consenso, il Titolare provveder\u00e0 a raccogliere nuovamente il consenso dell\u2019Utente, se necessario.<\/p>\n<\/section>\n<section class=\"main__section section__definitions_and_legal_references\">\n<h2>\u00a0<\/h2>\n<h2 id=\"definitions_and_legal_references\">Definizioni e riferimenti legali<\/h2>\n<h3>Dati Personali (o Dati)<\/h3>\n<p>Costituisce dato personale qualunque informazione che, direttamente o indirettamente, anche in collegamento con qualsiasi altra informazione, ivi compreso un numero di identificazione personale, renda identificata o identificabile una persona fisica.<\/p>\n<h3>\u00a0<\/h3>\n<h3>\u00a0<\/h3>\n<h3>\u00a0<\/h3>\n<h3>Dati di Utilizzo<\/h3>\n<p>Sono le informazioni raccolte automaticamente attraverso questa Applicazione (anche da applicazioni di parti terze integrate in questa Applicazione), tra cui: gli indirizzi IP o i nomi a dominio dei computer utilizzati dall\u2019Utente che si connette con questa Applicazione, gli indirizzi in notazione URI (Uniform Resource Identifier), l\u2019orario della richiesta, il metodo utilizzato nell\u2019inoltrare la richiesta al server, la dimensione del file ottenuto in risposta, il codice numerico indicante lo stato della risposta dal server (buon fine, errore, ecc.) il paese di provenienza, le caratteristiche del browser e del sistema operativo utilizzati dal visitatore, le varie connotazioni temporali della visita (ad esempio il tempo di permanenza su ciascuna pagina) e i dettagli relativi all\u2019itinerario seguito all\u2019interno dell\u2019Applicazione, con particolare riferimento alla sequenza delle pagine consultate, ai parametri relativi al sistema operativo e all\u2019ambiente informatico dell\u2019Utente.<\/p>\n<h3>\u00a0<\/h3>\n<h3>Utente<\/h3>\n<p>L&#8217;individuo che utilizza questa Applicazione che, salvo ove diversamente specificato, coincide con l&#8217;Interessato.<\/p>\n<h3>\u00a0<\/h3>\n<h3>\u00a0<\/h3>\n<h3>Interessato<\/h3>\n<p>La persona fisica cui si riferiscono i Dati Personali.<\/p>\n<h3>\u00a0<\/h3>\n<h3>Responsabile del Trattamento (o Responsabile)<\/h3>\n<p>La persona fisica, giuridica, la pubblica amministrazione e qualsiasi altro ente che tratta dati personali per conto del Titolare, secondo quanto esposto nella presente privacy policy.<\/p>\n<h3>\u00a0<\/h3>\n<h3>Titolare del Trattamento (o Titolare)<\/h3>\n<p>La persona fisica o giuridica, l&#8217;autorit\u00e0 pubblica, il servizio o altro organismo che, singolarmente o insieme ad altri, determina le finalit\u00e0 e i mezzi del trattamento di dati personali e gli strumenti adottati, ivi comprese le misure di sicurezza relative al funzionamento ed alla fruizione di questa Applicazione. Il Titolare del Trattamento, salvo quanto diversamente specificato, \u00e8 il titolare di questa Applicazione.<\/p>\n<h3>\u00a0<\/h3>\n<h3>Questa Applicazione<\/h3>\n<p>Lo strumento hardware o software mediante il quale sono raccolti e trattati i Dati Personali degli Utenti.<\/p>\n<h3>\u00a0<\/h3>\n<h3>Servizio<\/h3>\n<p>Il Servizio fornito da questa Applicazione cos\u00ec come definito nei relativi termini (se presenti) su questo sito\/applicazione.<\/p>\n<h3>\u00a0<\/h3>\n<h3>Unione Europea (o UE)<\/h3>\n<p>Salvo ove diversamente specificato, ogni riferimento all\u2019Unione Europea contenuto in questo documento si intende esteso a tutti gli attuali stati membri dell\u2019Unione Europea e dello Spazio Economico Europeo.<\/p>\n<hr \/>\n<h4>Riferimenti legali<\/h4>\n<p>Ove non diversamente specificato, questa policy riguarda esclusivamente questa Applicazione.<\/p>\n<\/section>\n<\/main><\/div>\t\t\t\t\t\t<\/div>\n\t\t\t\t<\/div>\n\t\t\t\t\t<\/div>\n\t\t\t\t<\/div>\n\t\t<div class=\"elementor-element elementor-element-4f08eed e-flex e-con-boxed e-con e-parent\" data-id=\"4f08eed\" data-element_type=\"container\">\n\t\t\t\t\t<div class=\"e-con-inner\">\n\t\t\t\t<div class=\"elementor-element elementor-element-f890757 elementor-widget elementor-widget-spacer\" data-id=\"f890757\" data-element_type=\"widget\" data-widget_type=\"spacer.default\">\n\t\t\t\t<div class=\"elementor-widget-container\">\n\t\t\t\t\t<div class=\"elementor-spacer\">\n\t\t\t<div class=\"elementor-spacer-inner\"><\/div>\n\t\t<\/div>\n\t\t\t\t<\/div>\n\t\t\t\t<\/div>\n\t\t\t\t\t<\/div>\n\t\t\t\t<\/div>\n\t\t\t\t<\/div>\n\t\t","protected":false},"excerpt":{"rendered":"<p>Privacy Policy Privacy Policy di\u00a0www.cdscorporate.com Benvenuto nella privacy policy di www.cdscorporate.com. Questa policy ti aiuter\u00e0 a comprendere quali dati raccogliamo, perch\u00e9 li raccogliamo e quali sono i tuoi diritti in merito. Ultima modifica: 26 marzo 2026 \u00a0 Sommario Tipologie di Dati raccolti Modalit\u00e0 e luogo del trattamento dei Dati raccolti Finalit\u00e0 del Trattamento dei Dati [&hellip;]<\/p>\n","protected":false},"author":1,"featured_media":0,"parent":0,"menu_order":0,"comment_status":"closed","ping_status":"open","template":"page-templates\/home.php","meta":{"footnotes":""},"class_list":["post-3","page","type-page","status-publish","hentry"],"_links":{"self":[{"href":"https:\/\/cdscorporate.com\/index.php\/wp-json\/wp\/v2\/pages\/3","targetHints":{"allow":["GET"]}}],"collection":[{"href":"https:\/\/cdscorporate.com\/index.php\/wp-json\/wp\/v2\/pages"}],"about":[{"href":"https:\/\/cdscorporate.com\/index.php\/wp-json\/wp\/v2\/types\/page"}],"author":[{"embeddable":true,"href":"https:\/\/cdscorporate.com\/index.php\/wp-json\/wp\/v2\/users\/1"}],"replies":[{"embeddable":true,"href":"https:\/\/cdscorporate.com\/index.php\/wp-json\/wp\/v2\/comments?post=3"}],"version-history":[{"count":14,"href":"https:\/\/cdscorporate.com\/index.php\/wp-json\/wp\/v2\/pages\/3\/revisions"}],"predecessor-version":[{"id":2456,"href":"https:\/\/cdscorporate.com\/index.php\/wp-json\/wp\/v2\/pages\/3\/revisions\/2456"}],"wp:attachment":[{"href":"https:\/\/cdscorporate.com\/index.php\/wp-json\/wp\/v2\/media?parent=3"}],"curies":[{"name":"wp","href":"https:\/\/api.w.org\/{rel}","templated":true}]}}