{"id":1687,"date":"2024-10-22T12:31:35","date_gmt":"2024-10-22T10:31:35","guid":{"rendered":"https:\/\/cdscorporate.com\/?page_id=1687"},"modified":"2026-03-25T17:02:53","modified_gmt":"2026-03-25T16:02:53","slug":"about-us","status":"publish","type":"page","link":"https:\/\/cdscorporate.com\/index.php\/about-us\/","title":{"rendered":"ABOUT US"},"content":{"rendered":"\t\t<div data-elementor-type=\"wp-page\" data-elementor-id=\"1687\" class=\"elementor elementor-1687\">\n\t\t\t\t<div class=\"elementor-element elementor-element-e7747b7 e-flex e-con-boxed e-con e-parent\" data-id=\"e7747b7\" data-element_type=\"container\">\n\t\t\t\t\t<div class=\"e-con-inner\">\n\t\t\t\t\t<\/div>\n\t\t\t\t<\/div>\n\t\t<div class=\"elementor-element elementor-element-16517e6 e-flex e-con-boxed e-con e-parent\" data-id=\"16517e6\" data-element_type=\"container\">\n\t\t\t\t\t<div class=\"e-con-inner\">\n\t\t\t\t<div class=\"elementor-element elementor-element-0850e2c elementor-widget elementor-widget-spacer\" data-id=\"0850e2c\" data-element_type=\"widget\" data-widget_type=\"spacer.default\">\n\t\t\t\t<div class=\"elementor-widget-container\">\n\t\t\t\t\t<div class=\"elementor-spacer\">\n\t\t\t<div class=\"elementor-spacer-inner\"><\/div>\n\t\t<\/div>\n\t\t\t\t<\/div>\n\t\t\t\t<\/div>\n\t\t\t\t\t<\/div>\n\t\t\t\t<\/div>\n\t\t<div class=\"elementor-element elementor-element-e909fcb e-flex e-con-boxed e-con e-parent\" data-id=\"e909fcb\" data-element_type=\"container\">\n\t\t\t\t\t<div class=\"e-con-inner\">\n\t\t\t\t<div class=\"elementor-element elementor-element-9af30df elementor-widget elementor-widget-image\" data-id=\"9af30df\" data-element_type=\"widget\" data-widget_type=\"image.default\">\n\t\t\t\t<div class=\"elementor-widget-container\">\n\t\t\t\t\t\t\t\t\t\t\t\t\t<img fetchpriority=\"high\" decoding=\"async\" width=\"640\" height=\"160\" src=\"https:\/\/cdscorporate.com\/wp-content\/uploads\/2026\/03\/Linkedin-Payoff-1024x256.jpg\" class=\"attachment-large size-large wp-image-2358\" alt=\"\" srcset=\"https:\/\/cdscorporate.com\/wp-content\/uploads\/2026\/03\/Linkedin-Payoff-1024x256.jpg 1024w, https:\/\/cdscorporate.com\/wp-content\/uploads\/2026\/03\/Linkedin-Payoff-300x75.jpg 300w, https:\/\/cdscorporate.com\/wp-content\/uploads\/2026\/03\/Linkedin-Payoff-768x192.jpg 768w, https:\/\/cdscorporate.com\/wp-content\/uploads\/2026\/03\/Linkedin-Payoff-1536x384.jpg 1536w, https:\/\/cdscorporate.com\/wp-content\/uploads\/2026\/03\/Linkedin-Payoff-753x188.jpg 753w, https:\/\/cdscorporate.com\/wp-content\/uploads\/2026\/03\/Linkedin-Payoff.jpg 1584w\" sizes=\"(max-width: 640px) 100vw, 640px\" \/>\t\t\t\t\t\t\t\t\t\t\t\t\t<\/div>\n\t\t\t\t<\/div>\n\t\t\t\t\t<\/div>\n\t\t\t\t<\/div>\n\t\t<div class=\"elementor-element elementor-element-f207fee e-flex e-con-boxed e-con e-parent\" data-id=\"f207fee\" data-element_type=\"container\">\n\t\t\t\t\t<div class=\"e-con-inner\">\n\t\t\t\t<div class=\"elementor-element elementor-element-adb2440 elementor-widget elementor-widget-spacer\" data-id=\"adb2440\" data-element_type=\"widget\" data-widget_type=\"spacer.default\">\n\t\t\t\t<div class=\"elementor-widget-container\">\n\t\t\t\t\t<div class=\"elementor-spacer\">\n\t\t\t<div class=\"elementor-spacer-inner\"><\/div>\n\t\t<\/div>\n\t\t\t\t<\/div>\n\t\t\t\t<\/div>\n\t\t\t\t\t<\/div>\n\t\t\t\t<\/div>\n\t\t<div class=\"elementor-element elementor-element-26647bb e-flex e-con-boxed e-con e-parent\" data-id=\"26647bb\" data-element_type=\"container\">\n\t\t\t\t\t<div class=\"e-con-inner\">\n\t\t<div class=\"elementor-element elementor-element-3be6c3f e-con-full e-flex e-con e-child\" data-id=\"3be6c3f\" data-element_type=\"container\">\n\t\t\t\t<div class=\"elementor-element elementor-element-5491e58 elementor-widget elementor-widget-image\" data-id=\"5491e58\" data-element_type=\"widget\" data-widget_type=\"image.default\">\n\t\t\t\t<div class=\"elementor-widget-container\">\n\t\t\t\t\t\t\t\t\t\t\t\t\t<img decoding=\"async\" width=\"640\" height=\"961\" src=\"https:\/\/cdscorporate.com\/wp-content\/uploads\/2024\/10\/IMG_3145-682x1024.jpg\" class=\"attachment-large size-large wp-image-1357\" alt=\"\" srcset=\"https:\/\/cdscorporate.com\/wp-content\/uploads\/2024\/10\/IMG_3145-682x1024.jpg 682w, https:\/\/cdscorporate.com\/wp-content\/uploads\/2024\/10\/IMG_3145-200x300.jpg 200w, https:\/\/cdscorporate.com\/wp-content\/uploads\/2024\/10\/IMG_3145-768x1152.jpg 768w, https:\/\/cdscorporate.com\/wp-content\/uploads\/2024\/10\/IMG_3145-1024x1536.jpg 1024w, https:\/\/cdscorporate.com\/wp-content\/uploads\/2024\/10\/IMG_3145-175x262.jpg 175w, https:\/\/cdscorporate.com\/wp-content\/uploads\/2024\/10\/IMG_3145-267x400.jpg 267w, https:\/\/cdscorporate.com\/wp-content\/uploads\/2024\/10\/IMG_3145.jpg 1333w\" sizes=\"(max-width: 640px) 100vw, 640px\" \/>\t\t\t\t\t\t\t\t\t\t\t\t\t<\/div>\n\t\t\t\t<\/div>\n\t\t\t\t<\/div>\n\t\t<div class=\"elementor-element elementor-element-c483fdb e-con-full e-flex e-con e-child\" data-id=\"c483fdb\" data-element_type=\"container\">\n\t\t\t\t<div class=\"elementor-element elementor-element-9abf049 elementor-widget elementor-widget-heading\" data-id=\"9abf049\" data-element_type=\"widget\" data-widget_type=\"heading.default\">\n\t\t\t\t<div class=\"elementor-widget-container\">\n\t\t\t<h1 class=\"elementor-heading-title elementor-size-default\">Specialisti al tuo servizio!<\/h1>\t\t<\/div>\n\t\t\t\t<\/div>\n\t\t\t\t<div class=\"elementor-element elementor-element-781f901 elementor-widget elementor-widget-text-editor\" data-id=\"781f901\" data-element_type=\"widget\" data-widget_type=\"text-editor.default\">\n\t\t\t\t<div class=\"elementor-widget-container\">\n\t\t\t\t\t\t\t<p>Sveva Garavani e Christian Dyli, fondatori\u00a0 di CDS Corporate, vantano entrambi una <strong>profonda esperienza nel mondo della consulenza aziendale, grafica e strategica<\/strong>. Spinti dalla loro comune passione per l\u2019innovazione e per la gestione strategica d\u2019impresa, nel <strong>2022<\/strong> hanno dato vita a CDS Corporate, con l\u2019obiettivo di offrire servizi di consulenza altamente specializzati e personalizzati per le <strong>aziende italiane e internazionali.<\/strong><\/p><p>Sin dai primi giorni, hanno lavorato fianco a fianco, <strong>trasformando il loro sogno in una realt\u00e0 concreta<\/strong> nel cuore pulsante di Milano. Con una piccola sede e un team iniziale di tre persone, CDS ha iniziato a imporsi nel settore come un punto di riferimento per le imprese desiderose di crescere e reinventarsi in un contesto sempre pi\u00f9 competitivo e in continua evoluzione.<\/p><p><strong>I due sono inarrestabili<\/strong> e guardano costantemente oltre: non solo vogliono consolidare il successo di CDS Corporate in Italia, ma <strong>puntano anche a espandersi a livello internazionale.<\/strong><\/p>\t\t\t\t\t\t<\/div>\n\t\t\t\t<\/div>\n\t\t\t\t<\/div>\n\t\t\t\t\t<\/div>\n\t\t\t\t<\/div>\n\t\t<div class=\"elementor-element elementor-element-80e597e e-flex e-con-boxed e-con e-parent\" data-id=\"80e597e\" data-element_type=\"container\">\n\t\t\t\t\t<div class=\"e-con-inner\">\n\t\t\t\t<div class=\"elementor-element elementor-element-1010be2 elementor-widget elementor-widget-spacer\" data-id=\"1010be2\" data-element_type=\"widget\" data-widget_type=\"spacer.default\">\n\t\t\t\t<div class=\"elementor-widget-container\">\n\t\t\t\t\t<div class=\"elementor-spacer\">\n\t\t\t<div class=\"elementor-spacer-inner\"><\/div>\n\t\t<\/div>\n\t\t\t\t<\/div>\n\t\t\t\t<\/div>\n\t\t\t\t\t<\/div>\n\t\t\t\t<\/div>\n\t\t<div class=\"elementor-element elementor-element-0192eb0 e-flex e-con-boxed e-con e-parent\" data-id=\"0192eb0\" data-element_type=\"container\">\n\t\t\t\t\t<div class=\"e-con-inner\">\n\t\t<div class=\"elementor-element elementor-element-77f26ef e-con-full e-flex e-con e-child\" data-id=\"77f26ef\" data-element_type=\"container\">\n\t\t\t\t<div class=\"elementor-element elementor-element-2ddbf6c elementor-widget elementor-widget-counter\" data-id=\"2ddbf6c\" data-element_type=\"widget\" data-widget_type=\"counter.default\">\n\t\t\t\t<div class=\"elementor-widget-container\">\n\t\t\t\t\t<div class=\"elementor-counter\">\n\t\t\t<div class=\"elementor-counter-title\">Numero di clienti<\/div>\t\t\t<div class=\"elementor-counter-number-wrapper\">\n\t\t\t\t<span class=\"elementor-counter-number-prefix\"><\/span>\n\t\t\t\t<span class=\"elementor-counter-number\" data-duration=\"2000\" data-to-value=\"150\" data-from-value=\"0\" data-delimiter=\",\">0<\/span>\n\t\t\t\t<span class=\"elementor-counter-number-suffix\"><\/span>\n\t\t\t<\/div>\n\t\t<\/div>\n\t\t\t\t<\/div>\n\t\t\t\t<\/div>\n\t\t\t\t<\/div>\n\t\t<div class=\"elementor-element elementor-element-96f687c e-con-full e-flex e-con e-child\" data-id=\"96f687c\" data-element_type=\"container\">\n\t\t\t\t<div class=\"elementor-element elementor-element-da1f341 elementor-widget elementor-widget-counter\" data-id=\"da1f341\" data-element_type=\"widget\" data-widget_type=\"counter.default\">\n\t\t\t\t<div class=\"elementor-widget-container\">\n\t\t\t\t\t<div class=\"elementor-counter\">\n\t\t\t<div class=\"elementor-counter-title\">Progetti conclusi<\/div>\t\t\t<div class=\"elementor-counter-number-wrapper\">\n\t\t\t\t<span class=\"elementor-counter-number-prefix\"><\/span>\n\t\t\t\t<span class=\"elementor-counter-number\" data-duration=\"2000\" data-to-value=\"200\" data-from-value=\"0\" data-delimiter=\",\">0<\/span>\n\t\t\t\t<span class=\"elementor-counter-number-suffix\"><\/span>\n\t\t\t<\/div>\n\t\t<\/div>\n\t\t\t\t<\/div>\n\t\t\t\t<\/div>\n\t\t\t\t<\/div>\n\t\t<div class=\"elementor-element elementor-element-294da39 e-con-full e-flex e-con e-child\" data-id=\"294da39\" data-element_type=\"container\">\n\t\t\t\t<div class=\"elementor-element elementor-element-e5256c1 elementor-widget elementor-widget-counter\" data-id=\"e5256c1\" data-element_type=\"widget\" data-widget_type=\"counter.default\">\n\t\t\t\t<div class=\"elementor-widget-container\">\n\t\t\t\t\t<div class=\"elementor-counter\">\n\t\t\t<div class=\"elementor-counter-title\">Anni di esperienza<\/div>\t\t\t<div class=\"elementor-counter-number-wrapper\">\n\t\t\t\t<span class=\"elementor-counter-number-prefix\"><\/span>\n\t\t\t\t<span class=\"elementor-counter-number\" data-duration=\"2000\" data-to-value=\"3\" data-from-value=\"0\" data-delimiter=\",\">0<\/span>\n\t\t\t\t<span class=\"elementor-counter-number-suffix\"><\/span>\n\t\t\t<\/div>\n\t\t<\/div>\n\t\t\t\t<\/div>\n\t\t\t\t<\/div>\n\t\t\t\t<\/div>\n\t\t<div class=\"elementor-element elementor-element-0556ad7 e-con-full e-flex e-con e-child\" data-id=\"0556ad7\" data-element_type=\"container\">\n\t\t\t\t<div class=\"elementor-element elementor-element-8a3d83c elementor-widget elementor-widget-counter\" data-id=\"8a3d83c\" data-element_type=\"widget\" data-widget_type=\"counter.default\">\n\t\t\t\t<div class=\"elementor-widget-container\">\n\t\t\t\t\t<div class=\"elementor-counter\">\n\t\t\t<div class=\"elementor-counter-title\">Collaboratori nel team<\/div>\t\t\t<div class=\"elementor-counter-number-wrapper\">\n\t\t\t\t<span class=\"elementor-counter-number-prefix\"><\/span>\n\t\t\t\t<span class=\"elementor-counter-number\" data-duration=\"2000\" data-to-value=\"8\" data-from-value=\"0\" data-delimiter=\",\">0<\/span>\n\t\t\t\t<span class=\"elementor-counter-number-suffix\"><\/span>\n\t\t\t<\/div>\n\t\t<\/div>\n\t\t\t\t<\/div>\n\t\t\t\t<\/div>\n\t\t\t\t<\/div>\n\t\t\t\t\t<\/div>\n\t\t\t\t<\/div>\n\t\t<div class=\"elementor-element elementor-element-ea37abd e-flex e-con-boxed e-con e-parent\" data-id=\"ea37abd\" data-element_type=\"container\">\n\t\t\t\t\t<div class=\"e-con-inner\">\n\t\t<div class=\"elementor-element elementor-element-58b0ab6 e-con-full e-flex e-con e-child\" data-id=\"58b0ab6\" data-element_type=\"container\">\n\t\t\t\t<div class=\"elementor-element elementor-element-8d7c69a elementor-widget elementor-widget-spacer\" data-id=\"8d7c69a\" data-element_type=\"widget\" data-widget_type=\"spacer.default\">\n\t\t\t\t<div class=\"elementor-widget-container\">\n\t\t\t\t\t<div class=\"elementor-spacer\">\n\t\t\t<div class=\"elementor-spacer-inner\"><\/div>\n\t\t<\/div>\n\t\t\t\t<\/div>\n\t\t\t\t<\/div>\n\t\t\t\t<\/div>\n\t\t\t\t\t<\/div>\n\t\t\t\t<\/div>\n\t\t<div class=\"elementor-element elementor-element-873543c e-flex e-con-boxed e-con e-parent\" data-id=\"873543c\" data-element_type=\"container\">\n\t\t\t\t\t<div class=\"e-con-inner\">\n\t\t<div class=\"elementor-element elementor-element-193828c e-con-full e-flex e-con e-child\" data-id=\"193828c\" data-element_type=\"container\">\n\t\t<div class=\"elementor-element elementor-element-0849cbd e-con-full e-flex e-con e-child\" data-id=\"0849cbd\" data-element_type=\"container\">\n\t\t\t\t<div class=\"elementor-element elementor-element-69c4bcf elementor-widget elementor-widget-image\" data-id=\"69c4bcf\" data-element_type=\"widget\" data-widget_type=\"image.default\">\n\t\t\t\t<div class=\"elementor-widget-container\">\n\t\t\t\t\t\t\t\t\t\t\t\t\t<img decoding=\"async\" width=\"629\" height=\"863\" src=\"https:\/\/cdscorporate.com\/wp-content\/uploads\/2024\/10\/servizi-CDS-e1730102831919.jpg\" class=\"attachment-1536x1536 size-1536x1536 wp-image-1827\" alt=\"\" srcset=\"https:\/\/cdscorporate.com\/wp-content\/uploads\/2024\/10\/servizi-CDS-e1730102831919.jpg 629w, https:\/\/cdscorporate.com\/wp-content\/uploads\/2024\/10\/servizi-CDS-e1730102831919-219x300.jpg 219w, https:\/\/cdscorporate.com\/wp-content\/uploads\/2024\/10\/servizi-CDS-e1730102831919-191x262.jpg 191w, https:\/\/cdscorporate.com\/wp-content\/uploads\/2024\/10\/servizi-CDS-e1730102831919-292x400.jpg 292w\" sizes=\"(max-width: 629px) 100vw, 629px\" \/>\t\t\t\t\t\t\t\t\t\t\t\t\t<\/div>\n\t\t\t\t<\/div>\n\t\t\t\t<\/div>\n\t\t<div class=\"elementor-element elementor-element-bd4e15b e-con-full e-flex e-con e-child\" data-id=\"bd4e15b\" data-element_type=\"container\">\n\t\t\t\t<div class=\"elementor-element elementor-element-cbcc4c3 elementor-widget elementor-widget-heading\" data-id=\"cbcc4c3\" data-element_type=\"widget\" data-widget_type=\"heading.default\">\n\t\t\t\t<div class=\"elementor-widget-container\">\n\t\t\t<h1 class=\"elementor-heading-title elementor-size-default\">La nostra etica:<\/h1>\t\t<\/div>\n\t\t\t\t<\/div>\n\t\t\t\t<div class=\"elementor-element elementor-element-fcd5cb1 elementor-widget elementor-widget-text-editor\" data-id=\"fcd5cb1\" data-element_type=\"widget\" data-widget_type=\"text-editor.default\">\n\t\t\t\t<div class=\"elementor-widget-container\">\n\t\t\t\t\t\t\t<div class=\"flex max-w-full flex-col flex-grow\"><div class=\"min-h-8 text-message flex w-full flex-col items-end gap-2 whitespace-normal break-words [.text-message+&amp;]:mt-5\" dir=\"auto\" data-message-author-role=\"assistant\" data-message-id=\"e3b51d16-fbe3-4614-9d6f-0e45d18f2d08\" data-message-model-slug=\"gpt-4o\"><div class=\"flex w-full flex-col gap-1 empty:hidden first:pt-[3px]\"><div class=\"markdown prose w-full break-words dark:prose-invert dark\"><p>CDS Corporate non \u00e8 solo un\u2019agenzia di social media marketing, ma un <strong>simbolo di dedizione, innovazione e professionalit\u00e0.<\/strong> Ogni progetto \u00e8 gestito con attenzione meticolosa e passione autentica dai CEO, Sveva Garavani e Christian Dyli, che incarnano valori fondamentali come <strong>integrit\u00e0, creativit\u00e0 e rispetto per le unicit\u00e0 dei clienti.<\/strong> CDS Corporate si impegna a trasformare le ambizioni dei propri clienti in realt\u00e0 concrete, attraverso un <strong>approccio esclusivo e un servizio su misura<\/strong>, mantenendo un controllo rigoroso su ogni dettaglio per <strong>garantire sempre il massimo dei risultati.<\/strong><\/p><\/div><\/div><\/div><\/div><div class=\"mb-2 flex gap-3 empty:hidden -ml-2\"><div class=\"items-center justify-start rounded-xl p-1 flex\"><div class=\"flex items-center\"><div class=\"flex\">\u00a0<\/div><div class=\"flex items-center pb-0\">\u00a0<\/div><\/div><\/div><\/div>\t\t\t\t\t\t<\/div>\n\t\t\t\t<\/div>\n\t\t\t\t<\/div>\n\t\t\t\t<\/div>\n\t\t\t\t\t<\/div>\n\t\t\t\t<\/div>\n\t\t<div class=\"elementor-element elementor-element-b5d7905 e-flex e-con-boxed e-con e-parent\" data-id=\"b5d7905\" data-element_type=\"container\">\n\t\t\t\t\t<div class=\"e-con-inner\">\n\t\t\t\t<div class=\"elementor-element elementor-element-0155a9a elementor-widget elementor-widget-spacer\" data-id=\"0155a9a\" data-element_type=\"widget\" data-widget_type=\"spacer.default\">\n\t\t\t\t<div class=\"elementor-widget-container\">\n\t\t\t\t\t<div class=\"elementor-spacer\">\n\t\t\t<div class=\"elementor-spacer-inner\"><\/div>\n\t\t<\/div>\n\t\t\t\t<\/div>\n\t\t\t\t<\/div>\n\t\t\t\t\t<\/div>\n\t\t\t\t<\/div>\n\t\t<div class=\"elementor-element elementor-element-9777312 e-flex e-con-boxed e-con e-parent\" data-id=\"9777312\" data-element_type=\"container\">\n\t\t\t\t\t<div class=\"e-con-inner\">\n\t\t\t\t<div class=\"elementor-element elementor-element-b870059 elementor-widget elementor-widget-spacer\" data-id=\"b870059\" data-element_type=\"widget\" data-widget_type=\"spacer.default\">\n\t\t\t\t<div class=\"elementor-widget-container\">\n\t\t\t\t\t<div class=\"elementor-spacer\">\n\t\t\t<div class=\"elementor-spacer-inner\"><\/div>\n\t\t<\/div>\n\t\t\t\t<\/div>\n\t\t\t\t<\/div>\n\t\t\t\t\t<\/div>\n\t\t\t\t<\/div>\n\t\t\t\t<\/div>\n\t\t","protected":false},"excerpt":{"rendered":"<p>Specialisti al tuo servizio! Sveva Garavani e Christian Dyli, fondatori\u00a0 di CDS Corporate, vantano entrambi una profonda esperienza nel mondo della consulenza aziendale, grafica e strategica. Spinti dalla loro comune passione per l\u2019innovazione e per la gestione strategica d\u2019impresa, nel 2022 hanno dato vita a CDS Corporate, con l\u2019obiettivo di offrire servizi di consulenza altamente [&hellip;]<\/p>\n","protected":false},"author":1,"featured_media":0,"parent":0,"menu_order":0,"comment_status":"closed","ping_status":"closed","template":"page-templates\/home.php","meta":{"footnotes":""},"class_list":["post-1687","page","type-page","status-publish","hentry"],"_links":{"self":[{"href":"https:\/\/cdscorporate.com\/index.php\/wp-json\/wp\/v2\/pages\/1687","targetHints":{"allow":["GET"]}}],"collection":[{"href":"https:\/\/cdscorporate.com\/index.php\/wp-json\/wp\/v2\/pages"}],"about":[{"href":"https:\/\/cdscorporate.com\/index.php\/wp-json\/wp\/v2\/types\/page"}],"author":[{"embeddable":true,"href":"https:\/\/cdscorporate.com\/index.php\/wp-json\/wp\/v2\/users\/1"}],"replies":[{"embeddable":true,"href":"https:\/\/cdscorporate.com\/index.php\/wp-json\/wp\/v2\/comments?post=1687"}],"version-history":[{"count":64,"href":"https:\/\/cdscorporate.com\/index.php\/wp-json\/wp\/v2\/pages\/1687\/revisions"}],"predecessor-version":[{"id":2418,"href":"https:\/\/cdscorporate.com\/index.php\/wp-json\/wp\/v2\/pages\/1687\/revisions\/2418"}],"wp:attachment":[{"href":"https:\/\/cdscorporate.com\/index.php\/wp-json\/wp\/v2\/media?parent=1687"}],"curies":[{"name":"wp","href":"https:\/\/api.w.org\/{rel}","templated":true}]}}